{"id":75,"date":"2023-01-09T20:20:31","date_gmt":"2023-01-09T17:20:31","guid":{"rendered":"https:\/\/www.zk-fertigungstechnik.de\/?page_id=75"},"modified":"2023-02-10T19:28:06","modified_gmt":"2023-02-10T16:28:06","slug":"zertifikat","status":"publish","type":"page","link":"https:\/\/www.zk-fertigungstechnik.de\/?page_id=75","title":{"rendered":"Zertifikate"},"content":{"rendered":"<p>Seit 2011 ist unser Betrieb zertifiziert nach WHG \u00a719. Als Fachbetrieb schweissen wir Auffangwannen oder Beh\u00e4lter f\u00fcr wassergef\u00e4hrdene Stoffe nach Ihren Vorgaben, pr\u00fcfen diese auf Dichtheit im eigenen Haus und liefern eine zugeh\u00f6rige Dichtheitsbescheinigung mit.<\/p>\n","protected":false},"excerpt":{"rendered":"<p>Seit 2011 ist unser Betrieb zertifiziert nach WHG \u00a719. Als [&hellip;]<\/p>\n","protected":false},"author":1,"featured_media":0,"parent":0,"menu_order":0,"comment_status":"closed","ping_status":"open","template":"","meta":{"jetpack_post_was_ever_published":false,"footnotes":""},"class_list":["post-75","page","type-page","status-publish","hentry"],"yoast_head":"<!-- This site is optimized with the Yoast SEO plugin v21.4 - https:\/\/yoast.com\/wordpress\/plugins\/seo\/ -->\n<title>Zertifikate - ZK-Fertigungstechnik UG<\/title>\n<meta name=\"robots\" content=\"index, follow, max-snippet:-1, max-image-preview:large, max-video-preview:-1\" \/>\n<link rel=\"canonical\" href=\"https:\/\/www.zk-fertigungstechnik.de\/?page_id=75\" \/>\n<meta property=\"og:locale\" content=\"de_DE\" \/>\n<meta property=\"og:type\" content=\"article\" \/>\n<meta property=\"og:title\" content=\"Zertifikate - ZK-Fertigungstechnik UG\" \/>\n<meta property=\"og:description\" content=\"Seit 2011 ist unser Betrieb zertifiziert nach WHG \u00a719. Als [&hellip;]\" \/>\n<meta property=\"og:url\" content=\"https:\/\/www.zk-fertigungstechnik.de\/?page_id=75\" \/>\n<meta property=\"og:site_name\" content=\"ZK-Fertigungstechnik UG\" \/>\n<meta property=\"article:modified_time\" content=\"2023-02-10T16:28:06+00:00\" \/>\n<meta name=\"twitter:card\" content=\"summary_large_image\" \/>\n<meta name=\"twitter:label1\" content=\"Gesch\u00e4tzte Lesezeit\" \/>\n\t<meta name=\"twitter:data1\" content=\"1\u00a0Minute\" \/>\n<script type=\"application\/ld+json\" class=\"yoast-schema-graph\">{\"@context\":\"https:\/\/schema.org\",\"@graph\":[{\"@type\":\"WebPage\",\"@id\":\"https:\/\/www.zk-fertigungstechnik.de\/?page_id=75\",\"url\":\"https:\/\/www.zk-fertigungstechnik.de\/?page_id=75\",\"name\":\"Zertifikate - ZK-Fertigungstechnik UG\",\"isPartOf\":{\"@id\":\"https:\/\/www.zk-fertigungstechnik.de\/#website\"},\"datePublished\":\"2023-01-09T17:20:31+00:00\",\"dateModified\":\"2023-02-10T16:28:06+00:00\",\"breadcrumb\":{\"@id\":\"https:\/\/www.zk-fertigungstechnik.de\/?page_id=75#breadcrumb\"},\"inLanguage\":\"de\",\"potentialAction\":[{\"@type\":\"ReadAction\",\"target\":[\"https:\/\/www.zk-fertigungstechnik.de\/?page_id=75\"]}]},{\"@type\":\"BreadcrumbList\",\"@id\":\"https:\/\/www.zk-fertigungstechnik.de\/?page_id=75#breadcrumb\",\"itemListElement\":[{\"@type\":\"ListItem\",\"position\":1,\"name\":\"Anasayfa\",\"item\":\"https:\/\/www.zk-fertigungstechnik.de\/\"},{\"@type\":\"ListItem\",\"position\":2,\"name\":\"Zertifikate\"}]},{\"@type\":\"WebSite\",\"@id\":\"https:\/\/www.zk-fertigungstechnik.de\/#website\",\"url\":\"https:\/\/www.zk-fertigungstechnik.de\/\",\"name\":\"ZK-Fertigungstechnik UG\",\"description\":\"\",\"potentialAction\":[{\"@type\":\"SearchAction\",\"target\":{\"@type\":\"EntryPoint\",\"urlTemplate\":\"https:\/\/www.zk-fertigungstechnik.de\/?s={search_term_string}\"},\"query-input\":\"required name=search_term_string\"}],\"inLanguage\":\"de\"}]}<\/script>\n<!-- \/ Yoast SEO plugin. -->","yoast_head_json":{"title":"Zertifikate - ZK-Fertigungstechnik UG","robots":{"index":"index","follow":"follow","max-snippet":"max-snippet:-1","max-image-preview":"max-image-preview:large","max-video-preview":"max-video-preview:-1"},"canonical":"https:\/\/www.zk-fertigungstechnik.de\/?page_id=75","og_locale":"de_DE","og_type":"article","og_title":"Zertifikate - ZK-Fertigungstechnik UG","og_description":"Seit 2011 ist unser Betrieb zertifiziert nach WHG \u00a719. Als [&hellip;]","og_url":"https:\/\/www.zk-fertigungstechnik.de\/?page_id=75","og_site_name":"ZK-Fertigungstechnik UG","article_modified_time":"2023-02-10T16:28:06+00:00","twitter_card":"summary_large_image","twitter_misc":{"Gesch\u00e4tzte Lesezeit":"1\u00a0Minute"},"schema":{"@context":"https:\/\/schema.org","@graph":[{"@type":"WebPage","@id":"https:\/\/www.zk-fertigungstechnik.de\/?page_id=75","url":"https:\/\/www.zk-fertigungstechnik.de\/?page_id=75","name":"Zertifikate - ZK-Fertigungstechnik UG","isPartOf":{"@id":"https:\/\/www.zk-fertigungstechnik.de\/#website"},"datePublished":"2023-01-09T17:20:31+00:00","dateModified":"2023-02-10T16:28:06+00:00","breadcrumb":{"@id":"https:\/\/www.zk-fertigungstechnik.de\/?page_id=75#breadcrumb"},"inLanguage":"de","potentialAction":[{"@type":"ReadAction","target":["https:\/\/www.zk-fertigungstechnik.de\/?page_id=75"]}]},{"@type":"BreadcrumbList","@id":"https:\/\/www.zk-fertigungstechnik.de\/?page_id=75#breadcrumb","itemListElement":[{"@type":"ListItem","position":1,"name":"Anasayfa","item":"https:\/\/www.zk-fertigungstechnik.de\/"},{"@type":"ListItem","position":2,"name":"Zertifikate"}]},{"@type":"WebSite","@id":"https:\/\/www.zk-fertigungstechnik.de\/#website","url":"https:\/\/www.zk-fertigungstechnik.de\/","name":"ZK-Fertigungstechnik UG","description":"","potentialAction":[{"@type":"SearchAction","target":{"@type":"EntryPoint","urlTemplate":"https:\/\/www.zk-fertigungstechnik.de\/?s={search_term_string}"},"query-input":"required name=search_term_string"}],"inLanguage":"de"}]}},"jetpack_sharing_enabled":true,"_links":{"self":[{"href":"https:\/\/www.zk-fertigungstechnik.de\/index.php?rest_route=\/wp\/v2\/pages\/75","targetHints":{"allow":["GET"]}}],"collection":[{"href":"https:\/\/www.zk-fertigungstechnik.de\/index.php?rest_route=\/wp\/v2\/pages"}],"about":[{"href":"https:\/\/www.zk-fertigungstechnik.de\/index.php?rest_route=\/wp\/v2\/types\/page"}],"author":[{"embeddable":true,"href":"https:\/\/www.zk-fertigungstechnik.de\/index.php?rest_route=\/wp\/v2\/users\/1"}],"replies":[{"embeddable":true,"href":"https:\/\/www.zk-fertigungstechnik.de\/index.php?rest_route=%2Fwp%2Fv2%2Fcomments&post=75"}],"version-history":[{"count":9,"href":"https:\/\/www.zk-fertigungstechnik.de\/index.php?rest_route=\/wp\/v2\/pages\/75\/revisions"}],"predecessor-version":[{"id":126,"href":"https:\/\/www.zk-fertigungstechnik.de\/index.php?rest_route=\/wp\/v2\/pages\/75\/revisions\/126"}],"wp:attachment":[{"href":"https:\/\/www.zk-fertigungstechnik.de\/index.php?rest_route=%2Fwp%2Fv2%2Fmedia&parent=75"}],"curies":[{"name":"wp","href":"https:\/\/api.w.org\/{rel}","templated":true}]}}