{"id":14,"date":"2023-01-08T22:23:57","date_gmt":"2023-01-08T19:23:57","guid":{"rendered":"https:\/\/www.zk-fertigungstechnik.de\/?page_id=14"},"modified":"2023-01-12T22:20:04","modified_gmt":"2023-01-12T19:20:04","slug":"ueber-uns","status":"publish","type":"page","link":"https:\/\/www.zk-fertigungstechnik.de\/?page_id=14","title":{"rendered":"\u00dcber Uns"},"content":{"rendered":"<p>Der hervorragende Ruf des Unternehmens in der Branche basiert aus der firmeneigenen Philosophie:<\/p>\n<p>H\u00f6chstperformance in der Produktion, ausgesuchte qualitative Rohstoffe, leistungsf\u00e4higer-pr\u00e4ziser Service in der Instandhaltung und dem Anlagenbau.<\/p>\n<p>Die Unternehmer Herr Oliver Zwingenberger und Herr Murat Kirdas gr\u00fcndeten im Sommer 2011 Ihren Meisterbetrieb in Wilferdingen bei Pforzheim, um sich im Kunststoff \u2013 und Metallbaubereich zu etablieren. Der Erfolg gab Ihnen Recht das Unternehmen im Jahre 2018 zu vergr\u00f6\u00dfern, da die Nachfrage im Anlagenbau und in der Instandhaltung stark anstieg, somit kam die Entscheidung der Erweiterung in Bretten bei Pforzheim mit einer gr\u00f6\u00dferen Produktionsfl\u00e4che zustande. Ein weiterer Standort wird in K\u00fcrze folgen.<\/p>\n<p>Das Unternehmer-duo konzentrierte sich noch mehr auf ein professionelles und ausgebildetes Team , durch Interne Workshops im Bereich CNC \u2013 Technik\u00a0 wurde das Team immer wieder auf Kenntnisse und F\u00e4higkeiten weitergebildet. Das Konstruktionsteam aus erfahrenen Fachkr\u00e4ften die Jahrelang in der Galvanikbranche sich etabliert haben, setzten immer wieder Ihre Visionen von noch besseren Galvanoautomaten in die Realit\u00e4t um.<\/p>\n<hr \/>\n<p><strong>Bilde deine Mitarbeiter so gut wie m\u00f6glich aus , damit Sie zu jeder Zeit zu einem anderen Arbeitgeber wechseln k\u00f6nnen , behandle Sie aber wie immer sehr gut , damit Sie es nicht wollen.\u00a0 <\/strong>&#8211; Gesch\u00e4ftsleitung: <strong>ZK-Fertigungstechnik<\/strong> &#8211;<\/p>\n<p>Im Jahre 2021\/2022 wurde der Fachbetrieb in Bretten f\u00fcr den Bereich Anlagenbau, immer mehr von Unternehmern aufgesucht und das Unternehmen nahm Projekte im In- und Ausland an. Durch die erstklassige Projektarbeiten von der Konstruktion bis zum Aufbau der Galvano-Anlagen entschied das Duo einen weiteren Standort zu er\u00f6ffnen. Die Produktionsst\u00e4tten sind optimiert auf Anlagenbau aller wie z.B Abwasseranlagen, Gestell- Trommelanlagen, Edelmetallr\u00fcckgewinnung, Gummierungsanlagen f\u00fcr Gestelle usw.<\/p>\n<p>Nat\u00fcrlich steht Ihnen das Instandhaltungsteam nach einer terminlichen Abstimmung bei technischen Problemen zur Seite. Auch werden Konstruktionsarbeiten mit einem professionellen Team in k\u00fcrze erledigt, und die Umsetzung der geplanten Projekte zu verwirklichen. Ihnen werden hierbei kosteng\u00fcnstige alternativen im Rahmen Ihrer Projekte vorgeschlagen, um die Kosten zu senken, ohne von der Qualit\u00e4t Einbu\u00dfen zu erleiden.<\/p>\n<p>Die <strong>ZK-Fertigungstechnik<\/strong> wird Sie schon bei der ersten Kontaktaufnahme \u00fcberzeugen.<\/p>\n<p>Jetzt neu bei uns, mit einfacher WhatsApp Funktion oder sofort Call- Funktion!<\/p>\n<p>Hierbei den gew\u00fcnschten Button w\u00e4hlen.<\/p>\n","protected":false},"excerpt":{"rendered":"<p>Der hervorragende Ruf des Unternehmens in der Branche basiert aus [&hellip;]<\/p>\n","protected":false},"author":1,"featured_media":0,"parent":0,"menu_order":0,"comment_status":"closed","ping_status":"open","template":"","meta":{"jetpack_post_was_ever_published":false,"footnotes":""},"class_list":["post-14","page","type-page","status-publish","hentry"],"yoast_head":"<!-- This site is optimized with the Yoast SEO plugin v21.4 - https:\/\/yoast.com\/wordpress\/plugins\/seo\/ -->\n<title>\u00dcber Uns - ZK-Fertigungstechnik UG<\/title>\n<meta name=\"robots\" content=\"index, follow, max-snippet:-1, max-image-preview:large, max-video-preview:-1\" \/>\n<link rel=\"canonical\" href=\"https:\/\/www.zk-fertigungstechnik.de\/?page_id=14\" \/>\n<meta property=\"og:locale\" content=\"de_DE\" \/>\n<meta property=\"og:type\" content=\"article\" \/>\n<meta property=\"og:title\" content=\"\u00dcber Uns - ZK-Fertigungstechnik UG\" \/>\n<meta property=\"og:description\" content=\"Der hervorragende Ruf des Unternehmens in der Branche basiert aus [&hellip;]\" \/>\n<meta property=\"og:url\" content=\"https:\/\/www.zk-fertigungstechnik.de\/?page_id=14\" \/>\n<meta property=\"og:site_name\" content=\"ZK-Fertigungstechnik UG\" \/>\n<meta property=\"article:modified_time\" content=\"2023-01-12T19:20:04+00:00\" \/>\n<meta name=\"twitter:card\" content=\"summary_large_image\" \/>\n<meta name=\"twitter:label1\" content=\"Gesch\u00e4tzte Lesezeit\" \/>\n\t<meta name=\"twitter:data1\" content=\"2\u00a0Minuten\" \/>\n<script type=\"application\/ld+json\" class=\"yoast-schema-graph\">{\"@context\":\"https:\/\/schema.org\",\"@graph\":[{\"@type\":\"WebPage\",\"@id\":\"https:\/\/www.zk-fertigungstechnik.de\/?page_id=14\",\"url\":\"https:\/\/www.zk-fertigungstechnik.de\/?page_id=14\",\"name\":\"\u00dcber Uns - ZK-Fertigungstechnik UG\",\"isPartOf\":{\"@id\":\"https:\/\/www.zk-fertigungstechnik.de\/#website\"},\"datePublished\":\"2023-01-08T19:23:57+00:00\",\"dateModified\":\"2023-01-12T19:20:04+00:00\",\"breadcrumb\":{\"@id\":\"https:\/\/www.zk-fertigungstechnik.de\/?page_id=14#breadcrumb\"},\"inLanguage\":\"de\",\"potentialAction\":[{\"@type\":\"ReadAction\",\"target\":[\"https:\/\/www.zk-fertigungstechnik.de\/?page_id=14\"]}]},{\"@type\":\"BreadcrumbList\",\"@id\":\"https:\/\/www.zk-fertigungstechnik.de\/?page_id=14#breadcrumb\",\"itemListElement\":[{\"@type\":\"ListItem\",\"position\":1,\"name\":\"Anasayfa\",\"item\":\"https:\/\/www.zk-fertigungstechnik.de\/\"},{\"@type\":\"ListItem\",\"position\":2,\"name\":\"\u00dcber Uns\"}]},{\"@type\":\"WebSite\",\"@id\":\"https:\/\/www.zk-fertigungstechnik.de\/#website\",\"url\":\"https:\/\/www.zk-fertigungstechnik.de\/\",\"name\":\"ZK-Fertigungstechnik UG\",\"description\":\"\",\"potentialAction\":[{\"@type\":\"SearchAction\",\"target\":{\"@type\":\"EntryPoint\",\"urlTemplate\":\"https:\/\/www.zk-fertigungstechnik.de\/?s={search_term_string}\"},\"query-input\":\"required name=search_term_string\"}],\"inLanguage\":\"de\"}]}<\/script>\n<!-- \/ Yoast SEO plugin. -->","yoast_head_json":{"title":"\u00dcber Uns - ZK-Fertigungstechnik UG","robots":{"index":"index","follow":"follow","max-snippet":"max-snippet:-1","max-image-preview":"max-image-preview:large","max-video-preview":"max-video-preview:-1"},"canonical":"https:\/\/www.zk-fertigungstechnik.de\/?page_id=14","og_locale":"de_DE","og_type":"article","og_title":"\u00dcber Uns - ZK-Fertigungstechnik UG","og_description":"Der hervorragende Ruf des Unternehmens in der Branche basiert aus [&hellip;]","og_url":"https:\/\/www.zk-fertigungstechnik.de\/?page_id=14","og_site_name":"ZK-Fertigungstechnik UG","article_modified_time":"2023-01-12T19:20:04+00:00","twitter_card":"summary_large_image","twitter_misc":{"Gesch\u00e4tzte Lesezeit":"2\u00a0Minuten"},"schema":{"@context":"https:\/\/schema.org","@graph":[{"@type":"WebPage","@id":"https:\/\/www.zk-fertigungstechnik.de\/?page_id=14","url":"https:\/\/www.zk-fertigungstechnik.de\/?page_id=14","name":"\u00dcber Uns - ZK-Fertigungstechnik UG","isPartOf":{"@id":"https:\/\/www.zk-fertigungstechnik.de\/#website"},"datePublished":"2023-01-08T19:23:57+00:00","dateModified":"2023-01-12T19:20:04+00:00","breadcrumb":{"@id":"https:\/\/www.zk-fertigungstechnik.de\/?page_id=14#breadcrumb"},"inLanguage":"de","potentialAction":[{"@type":"ReadAction","target":["https:\/\/www.zk-fertigungstechnik.de\/?page_id=14"]}]},{"@type":"BreadcrumbList","@id":"https:\/\/www.zk-fertigungstechnik.de\/?page_id=14#breadcrumb","itemListElement":[{"@type":"ListItem","position":1,"name":"Anasayfa","item":"https:\/\/www.zk-fertigungstechnik.de\/"},{"@type":"ListItem","position":2,"name":"\u00dcber Uns"}]},{"@type":"WebSite","@id":"https:\/\/www.zk-fertigungstechnik.de\/#website","url":"https:\/\/www.zk-fertigungstechnik.de\/","name":"ZK-Fertigungstechnik UG","description":"","potentialAction":[{"@type":"SearchAction","target":{"@type":"EntryPoint","urlTemplate":"https:\/\/www.zk-fertigungstechnik.de\/?s={search_term_string}"},"query-input":"required name=search_term_string"}],"inLanguage":"de"}]}},"jetpack_sharing_enabled":true,"_links":{"self":[{"href":"https:\/\/www.zk-fertigungstechnik.de\/index.php?rest_route=\/wp\/v2\/pages\/14","targetHints":{"allow":["GET"]}}],"collection":[{"href":"https:\/\/www.zk-fertigungstechnik.de\/index.php?rest_route=\/wp\/v2\/pages"}],"about":[{"href":"https:\/\/www.zk-fertigungstechnik.de\/index.php?rest_route=\/wp\/v2\/types\/page"}],"author":[{"embeddable":true,"href":"https:\/\/www.zk-fertigungstechnik.de\/index.php?rest_route=\/wp\/v2\/users\/1"}],"replies":[{"embeddable":true,"href":"https:\/\/www.zk-fertigungstechnik.de\/index.php?rest_route=%2Fwp%2Fv2%2Fcomments&post=14"}],"version-history":[{"count":6,"href":"https:\/\/www.zk-fertigungstechnik.de\/index.php?rest_route=\/wp\/v2\/pages\/14\/revisions"}],"predecessor-version":[{"id":115,"href":"https:\/\/www.zk-fertigungstechnik.de\/index.php?rest_route=\/wp\/v2\/pages\/14\/revisions\/115"}],"wp:attachment":[{"href":"https:\/\/www.zk-fertigungstechnik.de\/index.php?rest_route=%2Fwp%2Fv2%2Fmedia&parent=14"}],"curies":[{"name":"wp","href":"https:\/\/api.w.org\/{rel}","templated":true}]}}