{"id":12,"date":"2023-01-08T22:23:23","date_gmt":"2023-01-08T19:23:23","guid":{"rendered":"https:\/\/www.zk-fertigungstechnik.de\/?page_id=12"},"modified":"2023-01-12T22:19:41","modified_gmt":"2023-01-12T19:19:41","slug":"home","status":"publish","type":"page","link":"https:\/\/www.zk-fertigungstechnik.de\/","title":{"rendered":"Home"},"content":{"rendered":"<p><strong>HERZLICH WILLKOMMEN<\/strong><\/p>\n<p>Die <strong>ZK-Fertigungstechnik UG <\/strong>steht f\u00fcr die h\u00f6chst Performance in der Produktion von Trommel- und Gestellanlagen. Gleichzeitig bietet das Unternehmen einen Leistungsf\u00e4higen und Pr\u00e4zisen-Service in der Instandhaltung von den genannten Anlagen an.<\/p>\n<p>Bereits seit 2011 sind wir im Anlagenbau und in der Konstruktionsarbeit an unserem Standort Bretten bei Pforzheim t\u00e4tig.<\/p>\n<p>Von Projektarbeiten bis zum Aufbau der Galvano-Anlagen setzen wir Ihre W\u00fcnsche um.<\/p>\n<p>Durch Fachpersonal sind wir bestens ausgestattet, um jegliche Anspr\u00fcche auszuf\u00fchren.<\/p>\n<p>Haben Sie Fragen oder W\u00fcnschen Sie eine pers\u00f6nliche Beratung?<\/p>\n<p><strong><a href=\"tel:+491631901201\">KONTAKTIEREN SIE UNS!<\/a><\/strong><\/p>\n\n\t\t<style type=\"text\/css\">\n\t\t\t#gallery-1 {\n\t\t\t\tmargin: auto;\n\t\t\t}\n\t\t\t#gallery-1 .gallery-item {\n\t\t\t\tfloat: left;\n\t\t\t\tmargin-top: 10px;\n\t\t\t\ttext-align: center;\n\t\t\t\twidth: 33%;\n\t\t\t}\n\t\t\t#gallery-1 img {\n\t\t\t\tborder: 2px solid #cfcfcf;\n\t\t\t}\n\t\t\t#gallery-1 .gallery-caption {\n\t\t\t\tmargin-left: 0;\n\t\t\t}\n\t\t\t\/* see gallery_shortcode() in wp-includes\/media.php *\/\n\t\t<\/style>\n\t\t<div id='gallery-1' class='gallery galleryid-12 gallery-columns-3 gallery-size-medium'><dl class='gallery-item'>\n\t\t\t<dt class='gallery-icon landscape'>\n\t\t\t\t<a data-rel=\"iLightbox[postimages]\" data-title=\"\" data-caption=\"\" href='https:\/\/www.zk-fertigungstechnik.de\/wp-content\/uploads\/2023\/01\/temizlenmis.jpeg'><img decoding=\"async\" width=\"300\" height=\"225\" src=\"https:\/\/www.zk-fertigungstechnik.de\/wp-content\/uploads\/2023\/01\/temizlenmis-300x225.jpeg\" class=\"attachment-medium size-medium\" alt=\"\" srcset=\"https:\/\/www.zk-fertigungstechnik.de\/wp-content\/uploads\/2023\/01\/temizlenmis-200x150.jpeg 200w, https:\/\/www.zk-fertigungstechnik.de\/wp-content\/uploads\/2023\/01\/temizlenmis-300x225.jpeg 300w, https:\/\/www.zk-fertigungstechnik.de\/wp-content\/uploads\/2023\/01\/temizlenmis-400x300.jpeg 400w, https:\/\/www.zk-fertigungstechnik.de\/wp-content\/uploads\/2023\/01\/temizlenmis-600x450.jpeg 600w, https:\/\/www.zk-fertigungstechnik.de\/wp-content\/uploads\/2023\/01\/temizlenmis-768x576.jpeg 768w, https:\/\/www.zk-fertigungstechnik.de\/wp-content\/uploads\/2023\/01\/temizlenmis-800x600.jpeg 800w, https:\/\/www.zk-fertigungstechnik.de\/wp-content\/uploads\/2023\/01\/temizlenmis-1024x768.jpeg 1024w, https:\/\/www.zk-fertigungstechnik.de\/wp-content\/uploads\/2023\/01\/temizlenmis-1200x900.jpeg 1200w, https:\/\/www.zk-fertigungstechnik.de\/wp-content\/uploads\/2023\/01\/temizlenmis-1536x1152.jpeg 1536w, https:\/\/www.zk-fertigungstechnik.de\/wp-content\/uploads\/2023\/01\/temizlenmis.jpeg 1600w\" sizes=\"(max-width: 300px) 100vw, 300px\" \/><\/a>\n\t\t\t<\/dt><\/dl><dl class='gallery-item'>\n\t\t\t<dt class='gallery-icon landscape'>\n\t\t\t\t<a data-rel=\"iLightbox[postimages]\" data-title=\"\" data-caption=\"\" href='https:\/\/www.zk-fertigungstechnik.de\/wp-content\/uploads\/2023\/01\/WhatsApp-Image-2023-01-09-at-18.06.08-2.jpeg'><img decoding=\"async\" width=\"300\" height=\"225\" src=\"https:\/\/www.zk-fertigungstechnik.de\/wp-content\/uploads\/2023\/01\/WhatsApp-Image-2023-01-09-at-18.06.08-2-300x225.jpeg\" class=\"attachment-medium size-medium\" alt=\"\" srcset=\"https:\/\/www.zk-fertigungstechnik.de\/wp-content\/uploads\/2023\/01\/WhatsApp-Image-2023-01-09-at-18.06.08-2-200x150.jpeg 200w, https:\/\/www.zk-fertigungstechnik.de\/wp-content\/uploads\/2023\/01\/WhatsApp-Image-2023-01-09-at-18.06.08-2-300x225.jpeg 300w, https:\/\/www.zk-fertigungstechnik.de\/wp-content\/uploads\/2023\/01\/WhatsApp-Image-2023-01-09-at-18.06.08-2-400x300.jpeg 400w, https:\/\/www.zk-fertigungstechnik.de\/wp-content\/uploads\/2023\/01\/WhatsApp-Image-2023-01-09-at-18.06.08-2-600x450.jpeg 600w, https:\/\/www.zk-fertigungstechnik.de\/wp-content\/uploads\/2023\/01\/WhatsApp-Image-2023-01-09-at-18.06.08-2-768x576.jpeg 768w, https:\/\/www.zk-fertigungstechnik.de\/wp-content\/uploads\/2023\/01\/WhatsApp-Image-2023-01-09-at-18.06.08-2-800x600.jpeg 800w, https:\/\/www.zk-fertigungstechnik.de\/wp-content\/uploads\/2023\/01\/WhatsApp-Image-2023-01-09-at-18.06.08-2-1024x768.jpeg 1024w, https:\/\/www.zk-fertigungstechnik.de\/wp-content\/uploads\/2023\/01\/WhatsApp-Image-2023-01-09-at-18.06.08-2-1200x900.jpeg 1200w, https:\/\/www.zk-fertigungstechnik.de\/wp-content\/uploads\/2023\/01\/WhatsApp-Image-2023-01-09-at-18.06.08-2-1536x1152.jpeg 1536w, https:\/\/www.zk-fertigungstechnik.de\/wp-content\/uploads\/2023\/01\/WhatsApp-Image-2023-01-09-at-18.06.08-2.jpeg 1600w\" sizes=\"(max-width: 300px) 100vw, 300px\" \/><\/a>\n\t\t\t<\/dt><\/dl><dl class='gallery-item'>\n\t\t\t<dt class='gallery-icon landscape'>\n\t\t\t\t<a data-rel=\"iLightbox[postimages]\" data-title=\"\" data-caption=\"\" href='https:\/\/www.zk-fertigungstechnik.de\/wp-content\/uploads\/2023\/01\/WhatsApp-Image-2023-01-09-at-18.06.08-1.jpeg'><img decoding=\"async\" width=\"300\" height=\"225\" src=\"https:\/\/www.zk-fertigungstechnik.de\/wp-content\/uploads\/2023\/01\/WhatsApp-Image-2023-01-09-at-18.06.08-1-300x225.jpeg\" class=\"attachment-medium size-medium\" alt=\"\" srcset=\"https:\/\/www.zk-fertigungstechnik.de\/wp-content\/uploads\/2023\/01\/WhatsApp-Image-2023-01-09-at-18.06.08-1-200x150.jpeg 200w, https:\/\/www.zk-fertigungstechnik.de\/wp-content\/uploads\/2023\/01\/WhatsApp-Image-2023-01-09-at-18.06.08-1-300x225.jpeg 300w, https:\/\/www.zk-fertigungstechnik.de\/wp-content\/uploads\/2023\/01\/WhatsApp-Image-2023-01-09-at-18.06.08-1-400x300.jpeg 400w, https:\/\/www.zk-fertigungstechnik.de\/wp-content\/uploads\/2023\/01\/WhatsApp-Image-2023-01-09-at-18.06.08-1-600x450.jpeg 600w, https:\/\/www.zk-fertigungstechnik.de\/wp-content\/uploads\/2023\/01\/WhatsApp-Image-2023-01-09-at-18.06.08-1-768x576.jpeg 768w, https:\/\/www.zk-fertigungstechnik.de\/wp-content\/uploads\/2023\/01\/WhatsApp-Image-2023-01-09-at-18.06.08-1-800x600.jpeg 800w, https:\/\/www.zk-fertigungstechnik.de\/wp-content\/uploads\/2023\/01\/WhatsApp-Image-2023-01-09-at-18.06.08-1-1024x768.jpeg 1024w, https:\/\/www.zk-fertigungstechnik.de\/wp-content\/uploads\/2023\/01\/WhatsApp-Image-2023-01-09-at-18.06.08-1-1200x900.jpeg 1200w, https:\/\/www.zk-fertigungstechnik.de\/wp-content\/uploads\/2023\/01\/WhatsApp-Image-2023-01-09-at-18.06.08-1-1536x1152.jpeg 1536w, https:\/\/www.zk-fertigungstechnik.de\/wp-content\/uploads\/2023\/01\/WhatsApp-Image-2023-01-09-at-18.06.08-1.jpeg 1600w\" sizes=\"(max-width: 300px) 100vw, 300px\" \/><\/a>\n\t\t\t<\/dt><\/dl><br style=\"clear: both\" \/>\n\t\t<\/div>\n\n","protected":false},"excerpt":{"rendered":"<p>HERZLICH WILLKOMMEN Die ZK-Fertigungstechnik UG steht f\u00fcr die h\u00f6chst Performance [&hellip;]<\/p>\n","protected":false},"author":1,"featured_media":0,"parent":0,"menu_order":0,"comment_status":"closed","ping_status":"open","template":"","meta":{"jetpack_post_was_ever_published":false,"footnotes":""},"class_list":["post-12","page","type-page","status-publish","hentry"],"yoast_head":"<!-- This site is optimized with the Yoast SEO plugin v21.4 - https:\/\/yoast.com\/wordpress\/plugins\/seo\/ -->\n<title>Home - ZK-Fertigungstechnik UG<\/title>\n<meta name=\"robots\" content=\"index, follow, max-snippet:-1, max-image-preview:large, max-video-preview:-1\" \/>\n<link rel=\"canonical\" href=\"https:\/\/www.zk-fertigungstechnik.de\/\" \/>\n<meta property=\"og:locale\" content=\"de_DE\" \/>\n<meta property=\"og:type\" content=\"article\" \/>\n<meta property=\"og:title\" content=\"Home - ZK-Fertigungstechnik UG\" \/>\n<meta property=\"og:description\" content=\"HERZLICH WILLKOMMEN Die ZK-Fertigungstechnik UG steht f\u00fcr die h\u00f6chst Performance [&hellip;]\" \/>\n<meta property=\"og:url\" content=\"https:\/\/www.zk-fertigungstechnik.de\/\" \/>\n<meta property=\"og:site_name\" content=\"ZK-Fertigungstechnik UG\" \/>\n<meta property=\"article:modified_time\" content=\"2023-01-12T19:19:41+00:00\" \/>\n<meta property=\"og:image\" content=\"https:\/\/www.zk-fertigungstechnik.de\/wp-content\/uploads\/2023\/01\/temizlenmis-300x225.jpeg\" \/>\n<meta name=\"twitter:card\" content=\"summary_large_image\" \/>\n<meta name=\"twitter:label1\" content=\"Gesch\u00e4tzte Lesezeit\" \/>\n\t<meta name=\"twitter:data1\" content=\"1\u00a0Minute\" \/>\n<script type=\"application\/ld+json\" class=\"yoast-schema-graph\">{\"@context\":\"https:\/\/schema.org\",\"@graph\":[{\"@type\":\"WebPage\",\"@id\":\"https:\/\/www.zk-fertigungstechnik.de\/\",\"url\":\"https:\/\/www.zk-fertigungstechnik.de\/\",\"name\":\"Home - ZK-Fertigungstechnik UG\",\"isPartOf\":{\"@id\":\"https:\/\/www.zk-fertigungstechnik.de\/#website\"},\"datePublished\":\"2023-01-08T19:23:23+00:00\",\"dateModified\":\"2023-01-12T19:19:41+00:00\",\"breadcrumb\":{\"@id\":\"https:\/\/www.zk-fertigungstechnik.de\/#breadcrumb\"},\"inLanguage\":\"de\",\"potentialAction\":[{\"@type\":\"ReadAction\",\"target\":[\"https:\/\/www.zk-fertigungstechnik.de\/\"]}]},{\"@type\":\"BreadcrumbList\",\"@id\":\"https:\/\/www.zk-fertigungstechnik.de\/#breadcrumb\",\"itemListElement\":[{\"@type\":\"ListItem\",\"position\":1,\"name\":\"Anasayfa\",\"item\":\"https:\/\/www.zk-fertigungstechnik.de\/\"},{\"@type\":\"ListItem\",\"position\":2,\"name\":\"Home\"}]},{\"@type\":\"WebSite\",\"@id\":\"https:\/\/www.zk-fertigungstechnik.de\/#website\",\"url\":\"https:\/\/www.zk-fertigungstechnik.de\/\",\"name\":\"ZK-Fertigungstechnik UG\",\"description\":\"\",\"potentialAction\":[{\"@type\":\"SearchAction\",\"target\":{\"@type\":\"EntryPoint\",\"urlTemplate\":\"https:\/\/www.zk-fertigungstechnik.de\/?s={search_term_string}\"},\"query-input\":\"required name=search_term_string\"}],\"inLanguage\":\"de\"}]}<\/script>\n<!-- \/ Yoast SEO plugin. -->","yoast_head_json":{"title":"Home - ZK-Fertigungstechnik UG","robots":{"index":"index","follow":"follow","max-snippet":"max-snippet:-1","max-image-preview":"max-image-preview:large","max-video-preview":"max-video-preview:-1"},"canonical":"https:\/\/www.zk-fertigungstechnik.de\/","og_locale":"de_DE","og_type":"article","og_title":"Home - ZK-Fertigungstechnik UG","og_description":"HERZLICH WILLKOMMEN Die ZK-Fertigungstechnik UG steht f\u00fcr die h\u00f6chst Performance [&hellip;]","og_url":"https:\/\/www.zk-fertigungstechnik.de\/","og_site_name":"ZK-Fertigungstechnik UG","article_modified_time":"2023-01-12T19:19:41+00:00","og_image":[{"url":"https:\/\/www.zk-fertigungstechnik.de\/wp-content\/uploads\/2023\/01\/temizlenmis-300x225.jpeg"}],"twitter_card":"summary_large_image","twitter_misc":{"Gesch\u00e4tzte Lesezeit":"1\u00a0Minute"},"schema":{"@context":"https:\/\/schema.org","@graph":[{"@type":"WebPage","@id":"https:\/\/www.zk-fertigungstechnik.de\/","url":"https:\/\/www.zk-fertigungstechnik.de\/","name":"Home - ZK-Fertigungstechnik UG","isPartOf":{"@id":"https:\/\/www.zk-fertigungstechnik.de\/#website"},"datePublished":"2023-01-08T19:23:23+00:00","dateModified":"2023-01-12T19:19:41+00:00","breadcrumb":{"@id":"https:\/\/www.zk-fertigungstechnik.de\/#breadcrumb"},"inLanguage":"de","potentialAction":[{"@type":"ReadAction","target":["https:\/\/www.zk-fertigungstechnik.de\/"]}]},{"@type":"BreadcrumbList","@id":"https:\/\/www.zk-fertigungstechnik.de\/#breadcrumb","itemListElement":[{"@type":"ListItem","position":1,"name":"Anasayfa","item":"https:\/\/www.zk-fertigungstechnik.de\/"},{"@type":"ListItem","position":2,"name":"Home"}]},{"@type":"WebSite","@id":"https:\/\/www.zk-fertigungstechnik.de\/#website","url":"https:\/\/www.zk-fertigungstechnik.de\/","name":"ZK-Fertigungstechnik UG","description":"","potentialAction":[{"@type":"SearchAction","target":{"@type":"EntryPoint","urlTemplate":"https:\/\/www.zk-fertigungstechnik.de\/?s={search_term_string}"},"query-input":"required name=search_term_string"}],"inLanguage":"de"}]}},"jetpack_sharing_enabled":true,"_links":{"self":[{"href":"https:\/\/www.zk-fertigungstechnik.de\/index.php?rest_route=\/wp\/v2\/pages\/12","targetHints":{"allow":["GET"]}}],"collection":[{"href":"https:\/\/www.zk-fertigungstechnik.de\/index.php?rest_route=\/wp\/v2\/pages"}],"about":[{"href":"https:\/\/www.zk-fertigungstechnik.de\/index.php?rest_route=\/wp\/v2\/types\/page"}],"author":[{"embeddable":true,"href":"https:\/\/www.zk-fertigungstechnik.de\/index.php?rest_route=\/wp\/v2\/users\/1"}],"replies":[{"embeddable":true,"href":"https:\/\/www.zk-fertigungstechnik.de\/index.php?rest_route=%2Fwp%2Fv2%2Fcomments&post=12"}],"version-history":[{"count":5,"href":"https:\/\/www.zk-fertigungstechnik.de\/index.php?rest_route=\/wp\/v2\/pages\/12\/revisions"}],"predecessor-version":[{"id":108,"href":"https:\/\/www.zk-fertigungstechnik.de\/index.php?rest_route=\/wp\/v2\/pages\/12\/revisions\/108"}],"wp:attachment":[{"href":"https:\/\/www.zk-fertigungstechnik.de\/index.php?rest_route=%2Fwp%2Fv2%2Fmedia&parent=12"}],"curies":[{"name":"wp","href":"https:\/\/api.w.org\/{rel}","templated":true}]}}